{"id":42,"date":"2018-02-04T20:12:28","date_gmt":"2018-02-04T18:12:28","guid":{"rendered":"http:\/\/sprint18.skmercury.ee\/?page_id=42"},"modified":"2018-08-08T18:52:58","modified_gmt":"2018-08-08T16:52:58","slug":"voistlusjuhend","status":"publish","type":"page","link":"https:\/\/sprint18.skmercury.ee\/?page_id=42","title":{"rendered":"V\u00f5istlusjuhend"},"content":{"rendered":"<p style=\"text-align: center;\"><strong>2018. a. EESTI MEISTRIV\u00d5ISTLUSED ORIENTEERUMISJOOKSU SPRINDIS ja SPRINDITEATES<\/strong><br \/>\n<strong>18.-19. august 2018.a.<\/strong><br \/>\n<strong>Viljandi<\/strong><\/p>\n<p style=\"text-align: center;\"><strong>JUHEND<\/strong><\/p>\n<p><strong>EESM\u00c4RK<\/strong><br \/>\nEesti meistriv\u00f5istluste (edaspidi Eesti MV) eesm\u00e4rk on Eesti Vabariigi paremate orienteerujate v\u00e4ljaselgitamine.<\/p>\n<p><strong>OSAV\u00d5TJAD<\/strong><br \/>\nEesti 2018. aasta orienteerumisjooksu meistriv\u00f5istlustest v\u00f5ivad osa v\u00f5tta Eesti Orienteerumisliidu kehtivat litsentsi omavad orienteerujad. Litsents peab olema ostetud v\u00f5istluse toimumise p\u00e4evaks. Teatev\u00f5istlused toimuvad EOL-i kuuluvate klubide nais- ja meeskondade vahel. V\u00f5istleja klubiline kuuluvus m\u00e4\u00e4ratletakse kehtiva EOLi litsentsi p\u00f5hjal. Hooaja jooksul tohib v\u00f5istleja orienteerumisjooksus esindada \u00fchte klubi.<\/p>\n<p><strong>AEG JA KOHT<\/strong><\/p>\n<p><strong>*Laup\u00e4ev, 18.08.2018<\/strong> \u2013 sprint, v\u00f5istluskeskus Viljandi Linnastaadionil<\/p>\n<p>Keskus (lat, lon): 58.361536, 25.606389<\/p>\n<p><a href=\"https:\/\/www.google.com\/maps\/place\/58%C2%B021'41.5%22N+25%C2%B036'23.0%22E\/@58.3615388,25.6042003,17z\/data=!3m1!4b1!4m5!3m4!1s0x0:0x0!8m2!3d58.361536!4d25.606389\" target=\"_blank\" rel=\"noopener\">Google Maps<\/a>\u00a0 \u00a6\u00a0 <a href=\"waze:\/\/?ll=58.361536, 25.606389&amp;navigate=yes\" target=\"_blank\" rel=\"noopener\">Waze<\/a><\/p>\n<p><strong>*P\u00fchap\u00e4ev, 19.08.2018<\/strong> \u2013 sprinditeade, v\u00f5istluskeskus Viljandi laululaval<\/p>\n<p>Keskus (lat, lon): 58.361454, 25.593673<\/p>\n<p><a href=\"https:\/\/www.google.com\/maps\/place\/58%C2%B021'41.2%22N+25%C2%B035'37.2%22E\/@58.3613481,25.592755,18.25z\/data=!4m5!3m4!1s0x0:0x0!8m2!3d58.361454!4d25.593673\" target=\"_blank\" rel=\"noopener\">Google Maps<\/a>\u00a0 \u00a6\u00a0 <a href=\"waze:\/\/?ll=58.361454, 25.593673&amp;navigate=yes\" target=\"_blank\" rel=\"noopener\">Waze<\/a><\/p>\n<p><strong>OSAV\u00d5TUKLASSID ja ERITINGIMUSED<\/strong><br \/>\n<strong>Sprint<\/strong><br \/>\nM,N 14, 16, 18, 20, 21, 35, 40, 45, 50, 55, 60, 65, 70, M75<br \/>\nLOOSIMINE Klassidesse MN21 registreerunud v\u00f5istlejatest paigutatakse EOL edetabeli absoluutarvestuse 10 esimest meest ja 6 esimest naist stardij\u00e4rjekorra l\u00f5ppu edetabeliseisu p\u00f6\u00f6ratud j\u00e4rjestuses. Aluseks on edetabel seis 8 p\u00e4eva enne v\u00f5istlusp\u00e4eva.<br \/>\nSTARDIINTERVALL k\u00f5ikides v\u00f5istlusklassides on 1 minut.<br \/>\n<strong>Sprinditeade<\/strong><br \/>\nMN 14-16, 18-20, 21, 35-40, 45-50, 55-60, 65+<br \/>\nV\u00f5istkond koosneb 2 naisest ja 2 mehest. Kohustuslik jooksuj\u00e4rjestus on naine-mees-mees-naine.<\/p>\n<p><strong>EESTI MV OSAV\u00d5TUTASUD<\/strong><br \/>\n<strong>Sprint<\/strong><br \/>\nMN 14-18 5\u20ac<br \/>\nMN20 8\u20ac<br \/>\nMN21-60 13\u20ac<br \/>\nMN65-75 8\u20ac<br \/>\n<strong>Sprinditeade<\/strong><br \/>\nMN 14-16 20\u20ac<br \/>\nMN 18-20 32\u20ac<br \/>\nMN 21, 35-40, 45-50, 55-60 52\u20ac<br \/>\nMN65+ 32\u20ac<\/p>\n<p><strong>AJAKAVA<\/strong><br \/>\n<strong>Laup\u00e4ev, 18. august<\/strong><br \/>\n14.00 sprindi stardi algus<br \/>\n15.30 MN21 stardi algus<br \/>\n18.00 autasustamine<br \/>\n18.30 teatev\u00f5istkondade nimelise registreerimise l\u00f5pp<br \/>\n<strong>P\u00fchap\u00e4ev, 19. august<\/strong><br \/>\n12.00 teatev\u00f5istluste start<br \/>\n14.30 autasustamine<\/p>\n<p><strong>M\u00c4RKES\u00dcSTEEM<\/strong><br \/>\nV\u00f5istlustel kasutatakse elektroonilist SPORTident m\u00e4rkes\u00fcsteemi.<\/p>\n<p><strong>V\u00d5ISTLUSNUMBRID<\/strong><br \/>\nSprindis ja teatejooksus on v\u00f5istlusnumbrid kohustuslikud k\u00f5ikides v\u00f5istlusklassides. Korraldaja kinnitusvahendeid ei paku. Rinnanumbrid asuvad sekretariaadis. Ilma numbrita startida ei lubata.<\/p>\n<p><strong>REGISTREERIMINE<\/strong><br \/>\nV\u00f5istlustest osav\u00f5tuks saab registreeruda l\u00e4bi Ospordi keskkonna kuni 13.08.2018.a. s\u00fcda\u00f6\u00f6ni: <a href=\"https:\/\/osport.ee\/\" target=\"_blank\" rel=\"noopener\">https:\/\/osport.ee\/<\/a><br \/>\n\u00dcheaegselt registreerimisega tuleb tasuda ka osav\u00f5tutasu. Registreerimine j\u00f5ustub alles p\u00e4rast osav\u00f5tutasu laekumist v\u00f5istlusi l\u00e4biviiva klubi arvelduskontole:<br \/>\nSpordiklubi Mercury, EE312200221015333156 Swedbank.<br \/>\nKorraldajal on \u00f5igus osav\u00f5tutasu mitte maksnud v\u00f5istlejaid starti mitte lubada.<br \/>\nTeatev\u00f5istlusteks registreerimisel tuleb soovitavalt n\u00e4idata v\u00f5istkonna esialgne nimeline koosseis. V\u00f5istkonna t\u00e4pne koosseis koos jooksuj\u00e4rjestuse ja SI-kaardi numbritega tuleb esitada v\u00f5istlusele eelneval p\u00e4eval (18. augustil 2018) kella 18.30-ks kas Osporti v\u00f5i v\u00f5istluskeskuses sekretariaati.<\/p>\n<p><strong>AUS M\u00c4NG<\/strong><br \/>\nOrienteerumise v\u00f5istlusreeglite punkti 24.2 kohaselt on v\u00f5istluse ajal teistelt v\u00f5istlejatelt abi\u00a0saamine ning teistele v\u00f5istlejatele abi osutamine keelatud, v\u00e4lja arvatud \u00f5nnetusjuhtumi korral.<\/p>\n<p><strong>TULEMUSED<\/strong><br \/>\nV\u00f5istluste ajal avaldatakse iga klassi jooksvad tulemused v\u00f5istluskeskuse stendidel ning<br \/>\nelektroonilisel tablool. V\u00f5istluse ajal antakse fini\u0161eerinud v\u00f5istlejaile k\u00e4tte v\u00e4ljav\u00f5te nende<br \/>\netapiaegadest. Ametlikud tulemused avaldab korraldaja internetis 4 tunni jooksul p\u00e4rast viimase\u00a0v\u00f5istleja l\u00f5petamist.<\/p>\n<p><strong>AUTASUSTAMINE<\/strong><br \/>\nEV100 Eesti MV medalitega autasustatakse v\u00f5istlusklassides M14, N14, M16, N16, M18, N18, M20,\u00a0N20, M21, N21 kolme paremat v\u00f5istlejat, kes on Eesti Vabariigi kodanikud v\u00f5i omavad Eesti alalist\u00a0elamisluba. EV100 Eesti MV medalitega autasustatakse v\u00f5istlusklassides MN35-75 kolme paremat\u00a0v\u00f5istlejat, kes on Eesti Vabariigi kodanikud v\u00f5i omavad Eesti alalist elamisluba v\u00f5i on EOLi klubide\u00a0liikmed. Teatejooksus autasustatakse EV100 Eesti MV medalitega kolme parema v\u00f5istkonna k\u00f5iki\u00a0liikmeid, kui v\u00f5istkond on koostatud \u00fche EOLi klubi v\u00f5istlejaist *.<br \/>\n* MN20 ja nooremates v\u00f5istlusklassides peavad k\u00f5ik teatev\u00f5istkonna liikmed olema Eesti Vabariigi\u00a0kodanikud v\u00f5i omama Eesti alalist elamisluba.<br \/>\n\u00dclej\u00e4\u00e4nud v\u00f5istlusklassides v\u00f5ib \u00fcks teatev\u00f5istkonna liige mitte omada Eesti kodakondsust v\u00f5i Eesti alalist elamisluba.<\/p>\n<p><strong>JUHENDI T\u00d5LGENDAMINE, PROBLEEMIDE LAHENDAMINE<\/strong><br \/>\nK\u00f5ik \u00fcldjuhendi t\u00f5lgendamist puudutavad ning \u00fcldjuhendis m\u00e4\u00e4ratlemata k\u00fcsimused, samuti v\u00f5istluse k\u00e4igus tekkinud probleemid lahendab v\u00f5istluse \u017e\u00fcrii, juhindudes \u00fcldjuhendist ja kehtivatest v\u00f5istlusreeglitest. \u017d\u00fcrii v\u00f5ib vajadusel konsulteerida EOLi juhatusega.<\/p>\n<p><strong>V\u00d5ISTLUSE KORRALDAJA \u2013 SK MERCURY<\/strong><br \/>\nPeakorraldaja: Danilo Piht, tel. 56 27 55 60, dan@bestmark.ee<br \/>\nRajameister: sprint &#8211; Margus Klementsov (SK Mercury), sprinditeade \u2013 Priit \u00d6verus (SK Mercury)<br \/>\nEOL volinik: Leho Haldna (OK V\u00f5ru)<\/p>\n<p><strong>INFO<\/strong><br \/>\nV\u00e4rskeim info v\u00f5istluse kohta on SK Mercury kodulehek\u00fcljel:<\/p>\n<p><a href=\"http:\/\/sprint18.skmercury.ee\/\">http:\/\/sprint18.skmercury.ee\/<\/a><\/p>\n<p>&nbsp;<\/p>\n","protected":false},"excerpt":{"rendered":"<p>2018. a. EESTI MEISTRIV\u00d5ISTLUSED ORIENTEERUMISJOOKSU SPRINDIS ja SPRINDITEATES 18.-19. august 2018.a. Viljandi JUHEND EESM\u00c4RK Eesti meistriv\u00f5istluste (edaspidi Eesti MV) eesm\u00e4rk on Eesti Vabariigi paremate orienteerujate v\u00e4ljaselgitamine. OSAV\u00d5TJAD Eesti 2018. aasta orienteerumisjooksu meistriv\u00f5istlustest v\u00f5ivad osa v\u00f5tta Eesti Orienteerumisliidu kehtivat litsentsi omavad &hellip; <a href=\"https:\/\/sprint18.skmercury.ee\/?page_id=42\">J\u00e4tka lugemist <span class=\"meta-nav\">&rarr;<\/span><\/a><\/p>\n","protected":false},"author":1,"featured_media":35,"parent":0,"menu_order":0,"comment_status":"closed","ping_status":"closed","template":"","meta":{"footnotes":""},"class_list":["post-42","page","type-page","status-publish","has-post-thumbnail","hentry"],"_links":{"self":[{"href":"https:\/\/sprint18.skmercury.ee\/index.php?rest_route=\/wp\/v2\/pages\/42","targetHints":{"allow":["GET"]}}],"collection":[{"href":"https:\/\/sprint18.skmercury.ee\/index.php?rest_route=\/wp\/v2\/pages"}],"about":[{"href":"https:\/\/sprint18.skmercury.ee\/index.php?rest_route=\/wp\/v2\/types\/page"}],"author":[{"embeddable":true,"href":"https:\/\/sprint18.skmercury.ee\/index.php?rest_route=\/wp\/v2\/users\/1"}],"replies":[{"embeddable":true,"href":"https:\/\/sprint18.skmercury.ee\/index.php?rest_route=%2Fwp%2Fv2%2Fcomments&post=42"}],"version-history":[{"count":23,"href":"https:\/\/sprint18.skmercury.ee\/index.php?rest_route=\/wp\/v2\/pages\/42\/revisions"}],"predecessor-version":[{"id":240,"href":"https:\/\/sprint18.skmercury.ee\/index.php?rest_route=\/wp\/v2\/pages\/42\/revisions\/240"}],"wp:featuredmedia":[{"embeddable":true,"href":"https:\/\/sprint18.skmercury.ee\/index.php?rest_route=\/wp\/v2\/media\/35"}],"wp:attachment":[{"href":"https:\/\/sprint18.skmercury.ee\/index.php?rest_route=%2Fwp%2Fv2%2Fmedia&parent=42"}],"curies":[{"name":"wp","href":"https:\/\/api.w.org\/{rel}","templated":true}]}}